{"id":2279,"date":"2023-02-16T11:20:12","date_gmt":"2023-02-16T11:20:12","guid":{"rendered":"https:\/\/freiwilliges-freies-jahr.de\/?page_id=945"},"modified":"2024-04-16T08:36:23","modified_gmt":"2024-04-16T08:36:23","slug":"kontakt","status":"publish","type":"page","link":"https:\/\/zur-molli.de\/en\/kontakt\/","title":{"rendered":"Contact"},"content":{"rendered":"<!--themify_builder_content-->\n<div id=\"themify_builder_content-2279\" data-postid=\"2279\" class=\"themify_builder_content themify_builder_content-2279 themify_builder tf_clear\">\n    \t\t\t<!-- module_row -->\n\t<div  data-css_id=\"n14l944\" data-sticky-active=\"{&quot;d&quot;:[]}\" data-lazy=\"1\" class=\"module_row themify_builder_row fullwidth tb_n14l944 tb_first tf_w tf_clearfix hide-mobile\">\n\t    \t\t\t<div class=\"row_inner col_align_top gutter-none tb_col_count_3 tf_box tf_rel\">\n\t\t            <div  data-lazy=\"1\" class=\"module_column tb-column col4-1 tb_kicl944 first\">\n                                                        <div class=\"tb-column-inner tf_box tf_w\">\n                        <!-- module image -->\n<div  class=\"module module-image tb_fhwb944   image-top tf_mw\" data-lazy=\"1\">\n        <div class=\"image-wrap tf_rel tf_mw\">\n\t\t    <a href=\"https:\/\/zur-molli.de\/en\/\"\n\t       \t       >\n\t\t   \t\t<img decoding=\"async\" src=\"https:\/\/zur-molli.de\/wp-content\/uploads\/2021\/05\/Logo-oben-links-2.svg\" width=\"200\" title=\"Contact\" alt=\"Kontakt\">\t    <\/a>\n\t\n\t\t<\/div>\n\t<!-- \/image-wrap -->\n    \n    \t<\/div>\n<!-- \/module image -->                    <\/div>\n                            <\/div>\n                        <div  data-lazy=\"1\" class=\"module_column tb-column col4-2 tb_5uvc944\">\n                                                        <div class=\"tb-column-inner tf_box tf_w\">\n                        <!-- module menu -->\n<div  class=\"module module-menu tb_e5pa944  hide-mobile mobile-menu-dropdown\" data-menu-style=\"mobile-menu-dropdown\" data-menu-breakpoint=\"0\" data-element-id=\"tb_e5pa944\" data-lazy=\"1\">\n    \t\n\t<div class=\"module-menu-container\"><ul id=\"menu-molli-menue\" class=\"ui tf_clearfix nav tf_rel menu-bar transparent\"><li id=\"menu-item-3192\" class=\"menu-item-page-2280 menu-item menu-item-type-post_type menu-item-object-page menu-item-3192\"><a href=\"https:\/\/zur-molli.de\/en\/mitmachen\/\">Participate<\/a><\/li>\n<li id=\"menu-item-3190\" class=\"menu-item-page-920 menu-item menu-item-type-post_type menu-item-object-page menu-item-3190\"><a href=\"https:\/\/zur-molli.de\/en\/events\/\">Events<\/a><\/li>\n<li id=\"menu-item-3193\" class=\"menu-item-page-13 menu-item menu-item-type-post_type menu-item-object-page menu-item-3193\"><a href=\"https:\/\/zur-molli.de\/en\/speisen-und-getraenke\/\">Food &amp; Drinks<\/a><\/li>\n<li id=\"menu-item-3188\" class=\"menu-item-page-2952 menu-item menu-item-type-post_type menu-item-object-page menu-item-3188\"><a href=\"https:\/\/zur-molli.de\/en\/presseberichte\/\">Press<\/a><\/li>\n<li id=\"menu-item-3191\" class=\"menu-item-page-2279 menu-item menu-item-type-post_type menu-item-object-page menu-item-3191\"><a href=\"https:\/\/zur-molli.de\/en\/kontakt\/\">Contact<\/a><\/li>\n<\/ul><\/div><\/div>\n<!-- \/module menu -->\n                    <\/div>\n                            <\/div>\n                        <div  data-lazy=\"1\" class=\"module_column tb-column col4-1 tb_x6k0944 last\">\n                                                        <div class=\"tb-column-inner tf_box tf_w\">\n                        <!-- module icon -->\n<div  class=\"module module-icon tb_0903944  normal circle icon_horizontal tf_textl\" data-lazy=\"1\">\n        <div class=\"module-icon-item\">\n\t    \t\t<a href=\"https:\/\/www.instagram.com\/zur_molli\/\" rel=\"noopener\" target=\"_blank\">\n\t    \t\t\t\t\t\t    <em class=\"tf_box\"><svg  class=\"tf_fa tf-fab-instagram\" aria-hidden=\"true\"><use href=\"#tf-fab-instagram\"><\/use><\/svg><\/em>\n\t\t\t\t\t\t\t\t<\/a>\n\t\t        <\/div>\n\t        <div class=\"module-icon-item\">\n\t    \t\t<a href=\"https:\/\/t.me\/+DbjsdUd7Nu9kNjhi\" rel=\"noopener\" target=\"_blank\">\n\t    \t\t\t\t\t\t    <em class=\"tf_box\"><svg  class=\"tf_fa tf-fab-telegram-plane\" aria-hidden=\"true\"><use href=\"#tf-fab-telegram-plane\"><\/use><\/svg><\/em>\n\t\t\t\t\t\t\t\t<\/a>\n\t\t        <\/div>\n\t<\/div>\n<!-- \/module icon -->\n                    <\/div>\n                            <\/div>\n            \t    <\/div>\n\t    <!-- \/row_inner -->\n\t<\/div>\n\t<!-- \/module_row -->\n\t\t\t\t<!-- module_row -->\n\t<div  data-css_id=\"tkng723\" data-lazy=\"1\" class=\"module_row themify_builder_row fullwidth tb_tkng723 tf_w tf_clearfix hide-desktop hide-tablet hide-tablet_landscape\">\n\t    \t\t\t<div class=\"row_inner col_align_top gutter-none tb_col_count_3 tf_box tf_rel\">\n\t\t            <div  data-lazy=\"1\" class=\"module_column tb-column col4-1 tb_2lga723 first\">\n                                                        <div class=\"tb-column-inner tf_box tf_w\">\n                        <!-- module image -->\n<div  class=\"module module-image tb_hrwu723   image-top auto_fullwidth tf_mw hide-desktop hide-tablet hide-tablet_landscape\" data-lazy=\"1\">\n        <div class=\"image-wrap tf_rel tf_mw\">\n\t\t    <a href=\"https:\/\/zur-molli.de\/en\/\"\n\t       \t       >\n\t\t   \t\t<img decoding=\"async\" src=\"https:\/\/zur-molli.de\/wp-content\/uploads\/2021\/05\/Logo-oben-links-2.svg\" width=\"200\" title=\"Contact\" alt=\"Kontakt\">\t    <\/a>\n\t\n\t\t<\/div>\n\t<!-- \/image-wrap -->\n    \n    \t<\/div>\n<!-- \/module image -->                    <\/div>\n                            <\/div>\n                        <div  data-lazy=\"1\" class=\"module_column tb-column col4-2 tb_hb7e723\">\n                                                        <div class=\"tb-column-inner tf_box tf_w\">\n                        <!-- module menu -->\n<div  class=\"module module-menu tb_zq38723  hide-desktop hide-tablet hide-tablet_landscape mobile-menu-dropdown\" data-menu-style=\"mobile-menu-dropdown\" data-menu-breakpoint=\"0\" data-element-id=\"tb_zq38723\" data-lazy=\"1\">\n    \t\n\t<div class=\"module-menu-container\"><ul id=\"menu-molli-menue\" class=\"ui tf_clearfix nav tf_rel vertical transparent\"><li id=\"menu-item-3192\" class=\"menu-item-page-2280 menu-item menu-item-type-post_type menu-item-object-page menu-item-3192\"><a href=\"https:\/\/zur-molli.de\/en\/mitmachen\/\">Participate<\/a><\/li>\n<li id=\"menu-item-3190\" class=\"menu-item-page-920 menu-item menu-item-type-post_type menu-item-object-page current-menu-item page_item page-item-920 current_page_item menu-item-3190\"><a href=\"https:\/\/zur-molli.de\/en\/events\/\" aria-current=\"page\">Events<\/a><\/li>\n<li id=\"menu-item-3193\" class=\"menu-item-page-13 menu-item menu-item-type-post_type menu-item-object-page menu-item-3193\"><a href=\"https:\/\/zur-molli.de\/en\/speisen-und-getraenke\/\">Food &amp; Drinks<\/a><\/li>\n<li id=\"menu-item-3188\" class=\"menu-item-page-2952 menu-item menu-item-type-post_type menu-item-object-page menu-item-3188\"><a href=\"https:\/\/zur-molli.de\/en\/presseberichte\/\">Press<\/a><\/li>\n<li id=\"menu-item-3191\" class=\"menu-item-page-2279 menu-item menu-item-type-post_type menu-item-object-page menu-item-3191\"><a href=\"https:\/\/zur-molli.de\/en\/kontakt\/\">Contact<\/a><\/li>\n<\/ul><\/div><\/div>\n<!-- \/module menu -->\n                    <\/div>\n                            <\/div>\n                        <div  data-lazy=\"1\" class=\"module_column tb-column col4-1 tb_q06c723 last\">\n                                                        <div class=\"tb-column-inner tf_box tf_w\">\n                        <!-- module icon -->\n<div  class=\"module module-icon tb_x86t723  normal circle icon_horizontal tf_textl\" data-lazy=\"1\">\n        <div class=\"module-icon-item\">\n\t    \t\t<a href=\"https:\/\/www.instagram.com\/zur_molli\/\" rel=\"noopener\" target=\"_blank\">\n\t    \t\t\t\t\t\t    <em class=\"tf_box\"><svg  class=\"tf_fa tf-fab-instagram\" aria-hidden=\"true\"><use href=\"#tf-fab-instagram\"><\/use><\/svg><\/em>\n\t\t\t\t\t\t\t\t<\/a>\n\t\t        <\/div>\n\t        <div class=\"module-icon-item\">\n\t    \t\t<a href=\"https:\/\/t.me\/+DbjsdUd7Nu9kNjhi\" rel=\"noopener\" target=\"_blank\">\n\t    \t\t\t\t\t\t    <em class=\"tf_box\"><svg  class=\"tf_fa tf-fab-telegram-plane\" aria-hidden=\"true\"><use href=\"#tf-fab-telegram-plane\"><\/use><\/svg><\/em>\n\t\t\t\t\t\t\t\t<\/a>\n\t\t        <\/div>\n\t<\/div>\n<!-- \/module icon -->\n                    <\/div>\n                            <\/div>\n            \t    <\/div>\n\t    <!-- \/row_inner -->\n\t<\/div>\n\t<!-- \/module_row -->\n\t\t\t\t<!-- module_row -->\n\t<div  data-css_id=\"8hj947\" data-lazy=\"1\" class=\"module_row themify_builder_row fullwidth tb_8hj947 tf_w tf_clearfix\">\n\t    \t\t\t<div class=\"row_inner col_align_top tb_col_count_1 tf_box tf_rel\">\n\t\t            <div  data-lazy=\"1\" class=\"module_column tb-column col-full tb_8z9u47 first\">\n                                                        <div class=\"tb-column-inner tf_box tf_w\">\n                        <!-- module text -->\n<div  class=\"module module-text tb_zjxp47\" data-lazy=\"1\">\n        <div  class=\"tb_text_wrap\">\n    <h1 style=\"text-align: center;\">Contact<\/h1>    <\/div>\n<\/div>\n<!-- \/module text --><!-- module text -->\n<div  class=\"module module-text tb_71ha47\" data-lazy=\"1\">\n        <div  class=\"tb_text_wrap\">\n    <p style=\"text-align: center;\">You would like to contact us? <br>How wonderful! Come by, drop us a line or follow us on Instagram. <br>We love to hear from you!<br><\/p>    <\/div>\n<\/div>\n<!-- \/module text -->                    <\/div>\n                            <\/div>\n            \t    <\/div>\n\t    <!-- \/row_inner -->\n\t<\/div>\n\t<!-- \/module_row -->\n\t\t\t\t<!-- module_row -->\n\t<div  data-mobile-padding=\"7%,7%\" data-desktop-padding=\"20%,20%\" data-css_id=\"ofya632\" data-lazy=\"1\" class=\"module_row themify_builder_row fullwidth_row_container tb_ofya632 tf_w tf_clearfix\">\n\t    \t\t\t<div class=\"row_inner col_align_top gutter-none tb_col_count_4 tf_box tf_rel\">\n\t\t            <div  data-lazy=\"1\" class=\"module_column tb-column col4-1 tb_u6ji633 first\">\n                                                        <div class=\"tb-column-inner tf_box tf_w\">\n                        <!-- module text -->\n<div  class=\"module module-text tb_ejog531\" data-lazy=\"1\">\n        <div  class=\"tb_text_wrap\">\n    <h3 style=\"text-align: center;\">Address<\/h3>    <\/div>\n<\/div>\n<!-- \/module text --><!-- module text -->\n<div  class=\"module module-text tb_e9px46\" data-lazy=\"1\">\n        <div  class=\"tb_text_wrap\">\n    <p style=\"text-align: center;\">Alte Bahnhofstra\u00dfe 8<br>37574 Einbeck-Salzderhelden<\/p>    <\/div>\n<\/div>\n<!-- \/module text -->                    <\/div>\n                            <\/div>\n                        <div  data-lazy=\"1\" class=\"module_column tb-column col4-1 tb_30lh483\">\n                                                        <div class=\"tb-column-inner tf_box tf_w\">\n                        <!-- module text -->\n<div  class=\"module module-text tb_z98i131\" data-lazy=\"1\">\n        <div  class=\"tb_text_wrap\">\n    <h3 style=\"text-align: center;\"><a href=\"https:\/\/www.instagram.com\/zur_molli\" target=\"_blank\" rel=\"noopener\">zur_molli<\/a><\/h3>    <\/div>\n<\/div>\n<!-- \/module text --><!-- module text -->\n<div  class=\"module module-text tb_hoi6915\" data-lazy=\"1\">\n        <div  class=\"tb_text_wrap\">\n    <p style=\"text-align: center;\">Feel free to follow us on <br>Instagram<\/p>    <\/div>\n<\/div>\n<!-- \/module text -->                    <\/div>\n                            <\/div>\n                        <div  data-lazy=\"1\" class=\"module_column tb-column col4-1 tb_84wk483\">\n                                                        <div class=\"tb-column-inner tf_box tf_w\">\n                        <!-- module text -->\n<div  class=\"module module-text tb_1ul3526\" data-lazy=\"1\">\n        <div  class=\"tb_text_wrap\">\n    <h3 style=\"text-align: center;\"><a href=\"https:\/\/t.me\/+DbjsdUd7Nu9kNjhi\" target=\"_blank\" rel=\"noopener\">Telegram<\/a><\/h3>    <\/div>\n<\/div>\n<!-- \/module text --><!-- module text -->\n<div  class=\"module module-text tb_4p57924\" data-lazy=\"1\">\n        <div  class=\"tb_text_wrap\">\n    <p style=\"text-align: center;\"><a href=\"https:\/\/t.me\/+DbjsdUd7Nu9kNjhi\">Sei Teil der <br>Telegram-Infogruppe <br>(Zum Beitreten hier klicken)<\/a><\/p>    <\/div>\n<\/div>\n<!-- \/module text -->                    <\/div>\n                            <\/div>\n                        <div  data-lazy=\"1\" class=\"module_column tb-column col4-1 tb_gx64456 last\">\n                                                        <div class=\"tb-column-inner tf_box tf_w\">\n                        <!-- module text -->\n<div  class=\"module module-text tb_xba6932\" data-lazy=\"1\">\n        <div  class=\"tb_text_wrap\">\n    <h3 style=\"text-align: center;\">Mail<\/h3>    <\/div>\n<\/div>\n<!-- \/module text --><!-- module text -->\n<div  class=\"module module-text tb_p8c9474\" data-lazy=\"1\">\n        <div  class=\"tb_text_wrap\">\n    <p style=\"text-align: center;\">post@zur-molli.de<\/p>    <\/div>\n<\/div>\n<!-- \/module text -->                    <\/div>\n                            <\/div>\n            \t    <\/div>\n\t    <!-- \/row_inner -->\n\t<\/div>\n\t<!-- \/module_row -->\n\t\t\t\t<!-- module_row -->\n\t<div  data-css_id=\"klon123\" data-lazy=\"1\" class=\"module_row themify_builder_row fullwidth tb_klon123 tf_w tf_clearfix\">\n\t    \t\t\t<div class=\"row_inner col_align_top tb_col_count_1 tf_box tf_rel\">\n\t\t            <div  data-lazy=\"1\" class=\"module_column tb-column col-full tb_cb3r123 first\">\n                                                        <div class=\"tb-column-inner tf_box tf_w\">\n                        <!-- module text -->\n<div  class=\"module module-text tb_nod1124\" data-lazy=\"1\">\n        <div  class=\"tb_text_wrap\">\n    <p style=\"text-align: center;\">...or simply use this contact form:<br><br>\n<div class=\"wpcf7 no-js\" id=\"wpcf7-f2451-o1\" lang=\"de-DE\" dir=\"ltr\">\n<div class=\"screen-reader-response\"><p role=\"status\" aria-live=\"polite\" aria-atomic=\"true\"><\/p> <ul><\/ul><\/div>\n<form action=\"\/en\/wp-json\/wp\/v2\/pages\/2279#wpcf7-f2451-o1\" method=\"post\" class=\"wpcf7-form init\" aria-label=\"Kontaktformular\" novalidate=\"novalidate\" data-status=\"init\" data-trp-original-action=\"\/en\/wp-json\/wp\/v2\/pages\/2279#wpcf7-f2451-o1\">\n<div style=\"display: none;\">\n<input type=\"hidden\" name=\"_wpcf7\" value=\"2451\" \/>\n<input type=\"hidden\" name=\"_wpcf7_version\" value=\"5.9.8\" \/>\n<input type=\"hidden\" name=\"_wpcf7_locale\" value=\"de_DE\" \/>\n<input type=\"hidden\" name=\"_wpcf7_unit_tag\" value=\"wpcf7-f2451-o1\" \/>\n<input type=\"hidden\" name=\"_wpcf7_container_post\" value=\"0\" \/>\n<input type=\"hidden\" name=\"_wpcf7_posted_data_hash\" value=\"\" \/>\n<\/div>\n<p><label> Your name<br \/>\n<span class=\"wpcf7-form-control-wrap\" data-name=\"your-name\"><input size=\"40\" maxlength=\"400\" class=\"wpcf7-form-control wpcf7-text wpcf7-validates-as-required\" autocomplete=\"name\" aria-required=\"true\" aria-invalid=\"false\" value=\"\" type=\"text\" name=\"your-name\" \/><\/span> <\/label>\n<\/p>\n<p><label> Your e-mail address<br \/>\n<span class=\"wpcf7-form-control-wrap\" data-name=\"your-email\"><input size=\"40\" maxlength=\"400\" class=\"wpcf7-form-control wpcf7-email wpcf7-validates-as-required wpcf7-text wpcf7-validates-as-email\" autocomplete=\"email\" aria-required=\"true\" aria-invalid=\"false\" value=\"\" type=\"email\" name=\"your-email\" \/><\/span> <\/label>\n<\/p>\n<p><label> Subject<br \/>\n<span class=\"wpcf7-form-control-wrap\" data-name=\"your-subject\"><input size=\"40\" maxlength=\"400\" class=\"wpcf7-form-control wpcf7-text wpcf7-validates-as-required\" aria-required=\"true\" aria-invalid=\"false\" value=\"\" type=\"text\" name=\"your-subject\" \/><\/span> <\/label>\n<\/p>\n<p><label> Your Message (optional)<br \/>\n<span class=\"wpcf7-form-control-wrap\" data-name=\"your-message\"><textarea cols=\"40\" rows=\"10\" maxlength=\"2000\" class=\"wpcf7-form-control wpcf7-textarea\" aria-invalid=\"false\" name=\"your-message\"><\/textarea><\/span> <\/label>\n<\/p>\n<p><input class=\"wpcf7-form-control wpcf7-submit has-spinner\" type=\"submit\" value=\"Send\" \/>\n<\/p><p style=\"display: none !important;\" class=\"akismet-fields-container\" data-prefix=\"_wpcf7_ak_\"><label>&#916;<textarea name=\"_wpcf7_ak_hp_textarea\" cols=\"45\" rows=\"8\" maxlength=\"100\"><\/textarea><\/label><input type=\"hidden\" id=\"ak_js_1\" name=\"_wpcf7_ak_js\" value=\"223\"\/><script>\ndocument.getElementById( \"ak_js_1\" ).setAttribute( \"value\", ( new Date() ).getTime() );\n<\/script>\n<\/p><div class=\"wpcf7-response-output\" aria-hidden=\"true\"><\/div>\n<input type=\"hidden\" name=\"trp-form-language\" value=\"en\"\/><\/form>\n<\/div>\n<\/p>    <\/div>\n<\/div>\n<!-- \/module text -->                    <\/div>\n                            <\/div>\n            \t    <\/div>\n\t    <!-- \/row_inner -->\n\t<\/div>\n\t<!-- \/module_row -->\n\t\t\t\t<!-- module_row -->\n\t<div  data-css_id=\"i80i957\" data-lazy=\"1\" class=\"module_row themify_builder_row fullwidth tb_i80i957 tf_w tf_clearfix\">\n\t    \t\t\t<div class=\"row_inner col_align_middle gutter-none tb_col_count_3 tf_box tf_rel\">\n\t\t            <div  data-lazy=\"1\" class=\"module_column tb-column col4-1 tb_agb2957 first\">\n                                                        <div class=\"tb-column-inner tf_box tf_w\">\n                        <!-- module image -->\n<div  class=\"module module-image tb_5xz3957   image-top tf_mw\" data-lazy=\"1\">\n        <div class=\"image-wrap tf_rel tf_mw\">\n\t\t    <img decoding=\"async\" src=\"https:\/\/zur-molli.de\/wp-content\/uploads\/2021\/05\/Logo-mit-Schrift.svg\" width=\"200\" title=\"Contact\" alt=\"Kontakt\">\t\n\t\t<\/div>\n\t<!-- \/image-wrap -->\n    \n    \t<\/div>\n<!-- \/module image -->                    <\/div>\n                            <\/div>\n                        <div  data-lazy=\"1\" class=\"module_column tb-column col4-2 tb_inhr957\">\n                                                        <div class=\"tb-column-inner tf_box tf_w\">\n                        <!-- module icon -->\n<div  class=\"module module-icon tb_8wtf957  normal none icon_vertical tf_textl\" data-lazy=\"1\">\n        <div class=\"module-icon-item\">\n\t    \t\t\t\t\t\t    <em class=\"tf_box\"><svg  class=\"tf_fa tf-ti-location-pin\" aria-hidden=\"true\"><use href=\"#tf-ti-location-pin\"><\/use><\/svg><\/em>\n\t\t\t\t\t\t    \t    \t    <span>zur molli<\/span>\n\t\t    \t\t\t\t        <\/div>\n\t<\/div>\n<!-- \/module icon -->\n<!-- module text -->\n<div  class=\"module module-text tb_mrya957  repeat\" data-lazy=\"1\">\n        <div  class=\"tb_text_wrap\">\n    <p style=\"text-align: left;\">\u00a0 at the train station | Alte Bahnhofstra\u00dfe 8 | <br> 37574 Einbeck<\/p>    <\/div>\n<\/div>\n<!-- \/module text --><!-- module icon -->\n<div  class=\"module module-icon tb_mj6z957  normal none icon_vertical tf_textl\" data-lazy=\"1\">\n        <div class=\"module-icon-item\">\n\t    \t\t<a href=\"mailto:post@zur-molli.de\">\n\t    \t\t\t\t\t\t    <em class=\"tf_box\"><svg  class=\"tf_fa tf-ti-email\" aria-hidden=\"true\"><use href=\"#tf-ti-email\"><\/use><\/svg><\/em>\n\t\t\t\t\t\t    \t    \t    <span>post@zur-molli.de<\/span>\n\t\t    \t\t\t\t\t\t<\/a>\n\t\t        <\/div>\n\t<\/div>\n<!-- \/module icon -->\n                    <\/div>\n                            <\/div>\n                        <div  data-lazy=\"1\" class=\"module_column tb-column col4-1 tb_aqii957 last\">\n                                                        <div class=\"tb-column-inner tf_box tf_w\">\n                        <!-- module text -->\n<div  class=\"module module-text tb_2r5m957\" data-lazy=\"1\">\n        <div  class=\"tb_text_wrap\">\n    <p><strong>If you would like to support the molli financially, feel free to forward it to <i>Solicaf\u00e9 Einbeck e.V. <\/i>:<br><br><\/strong><em>IBAN:<\/em>&nbsp; &nbsp; &nbsp;DE89 2789 3760 1037 6798 00<br><em>BIC:&nbsp; &nbsp;<\/em> &nbsp; &nbsp; GENODEF1SES<br><em>Subject:&nbsp;<\/em>&nbsp;Donation<\/p>\n<p style=\"text-align: left;\">We welcome both one-time and regular contributions.<\/p>    <\/div>\n<\/div>\n<!-- \/module text -->                    <\/div>\n                            <\/div>\n            \t    <\/div>\n\t    <!-- \/row_inner -->\n\t<\/div>\n\t<!-- \/module_row -->\n\t<\/div>\n<!--\/themify_builder_content-->","protected":false},"excerpt":{"rendered":"<p>Mitmachen Events Speisen &#038; Getr\u00e4nke Presseberichte Kontakt Mitmachen Events Speisen &#038; Getr\u00e4nke Presseberichte Kontakt Kontakt Du m\u00f6chtest Kontakt mit uns aufnehmen? Wie sch\u00f6n! Komm vorbei, schreib uns eine Mail oder folge uns auf Instagram. Wir freuen uns! Adresse Alte Bahnhofstra\u00dfe 837574 Einbeck-Salzderhelden zur_molli Folg uns gern auf Instagram Telegram Sei Teil der Telegram-Infogruppe (Zum Beitreten [&hellip;]<\/p>","protected":false},"author":1,"featured_media":0,"parent":0,"menu_order":0,"comment_status":"closed","ping_status":"closed","template":"","meta":{"footnotes":""},"builder_content":"<a href=\"https:\/\/zur-molli.de\" > <img src=\"https:\/\/zur-molli.de\/wp-content\/uploads\/2021\/05\/Logo-oben-links-2.svg\" width=\"200\" title=\"Kontakt\" alt=\"Kontakt\"> <\/a>\n<ul id=\"menu-molli-menue\"><li id=\"menu-item-3192\"><a href=\"https:\/\/zur-molli.de\/mitmachen\/\">Mitmachen<\/a><\/li> <li id=\"menu-item-3190\"><a href=\"https:\/\/zur-molli.de\/events\/\">Events<\/a><\/li> <li id=\"menu-item-3193\"><a href=\"https:\/\/zur-molli.de\/speisen-und-getraenke\/\">Speisen &#038; Getr\u00e4nke<\/a><\/li> <li id=\"menu-item-3188\"><a href=\"https:\/\/zur-molli.de\/presseberichte\/\">Presseberichte<\/a><\/li> <li id=\"menu-item-3191\"><a href=\"https:\/\/zur-molli.de\/kontakt\/\">Kontakt<\/a><\/li> <\/ul>\n<a href=\"https:\/\/www.instagram.com\/zur_molli\/\" rel=\"noopener\" target=\"_blank\"> <em><svg aria-hidden=\"true\"><use href=\"#tf-fab-instagram\"><\/use><\/svg><\/em> <\/a> <a href=\"https:\/\/t.me\/+DbjsdUd7Nu9kNjhi\" rel=\"noopener\" target=\"_blank\"> <em><svg aria-hidden=\"true\"><use href=\"#tf-fab-telegram-plane\"><\/use><\/svg><\/em> <\/a>\n<a href=\"https:\/\/zur-molli.de\" > <img src=\"https:\/\/zur-molli.de\/wp-content\/uploads\/2021\/05\/Logo-oben-links-2.svg\" width=\"200\" title=\"Kontakt\" alt=\"Kontakt\"> <\/a>\n<ul id=\"menu-molli-menue\"><li id=\"menu-item-3192\"><a href=\"https:\/\/zur-molli.de\/mitmachen\/\">Mitmachen<\/a><\/li> <li id=\"menu-item-3190\"><a href=\"https:\/\/zur-molli.de\/events\/\" aria-current=\"page\">Events<\/a><\/li> <li id=\"menu-item-3193\"><a href=\"https:\/\/zur-molli.de\/speisen-und-getraenke\/\">Speisen &#038; Getr\u00e4nke<\/a><\/li> <li id=\"menu-item-3188\"><a href=\"https:\/\/zur-molli.de\/presseberichte\/\">Presseberichte<\/a><\/li> <li id=\"menu-item-3191\"><a href=\"https:\/\/zur-molli.de\/kontakt\/\">Kontakt<\/a><\/li> <\/ul>\n<a href=\"https:\/\/www.instagram.com\/zur_molli\/\" rel=\"noopener\" target=\"_blank\"> <em><svg aria-hidden=\"true\"><use href=\"#tf-fab-instagram\"><\/use><\/svg><\/em> <\/a> <a href=\"https:\/\/t.me\/+DbjsdUd7Nu9kNjhi\" rel=\"noopener\" target=\"_blank\"> <em><svg aria-hidden=\"true\"><use href=\"#tf-fab-telegram-plane\"><\/use><\/svg><\/em> <\/a>\n<h1 style=\"text-align: center;\">Kontakt<\/h1>\n<p style=\"text-align: center;\">Du m\u00f6chtest Kontakt mit uns aufnehmen? <br>Wie sch\u00f6n! Komm vorbei, schreib uns eine Mail oder folge uns auf Instagram. <br>Wir freuen uns!<br><\/p>\n<h3 style=\"text-align: center;\">Adresse<\/h3>\n<p style=\"text-align: center;\">Alte Bahnhofstra\u00dfe 8<br>37574 Einbeck-Salzderhelden<\/p>\n<h3 style=\"text-align: center;\"><a href=\"https:\/\/www.instagram.com\/zur_molli\" target=\"_blank\" rel=\"noopener\">zur_molli<\/a><\/h3>\n<p style=\"text-align: center;\">Folg uns gern auf <br>Instagram<\/p>\n<h3 style=\"text-align: center;\"><a href=\"https:\/\/t.me\/+DbjsdUd7Nu9kNjhi\" target=\"_blank\" rel=\"noopener\">Telegram<\/a><\/h3>\n<p style=\"text-align: center;\"><a href=\"https:\/\/t.me\/+DbjsdUd7Nu9kNjhi\">Sei Teil der <br>Telegram-Infogruppe <br>(Zum Beitreten hier klicken)<\/a><\/p>\n<h3 style=\"text-align: center;\">Mailadresse<\/h3>\n<p style=\"text-align: center;\">post@zur-molli.de<\/p>\n<p style=\"text-align: center;\">...oder du nutzt einfach das Kontaktformular:<br><br>[contact-form-7 id=\"2451\" title=\"Kontaktformular\"]<\/p>\n<img src=\"https:\/\/zur-molli.de\/wp-content\/uploads\/2021\/05\/Logo-mit-Schrift.svg\" width=\"200\" title=\"Kontakt\" alt=\"Kontakt\">\n<em><svg aria-hidden=\"true\"><use href=\"#tf-ti-location-pin\"><\/use><\/svg><\/em> zur molli\n<p style=\"text-align: left;\">\u00a0 im Bahnhof | Alte Bahnhofstra\u00dfe 8 | 37574 Einbeck<\/p>\n<a href=\"mailto:post@zur-molli.de\"> <em><svg aria-hidden=\"true\"><use href=\"#tf-ti-email\"><\/use><\/svg><\/em> post@zur-molli.de <\/a>\n<p><strong>Wenn du die molli finanziell unterst\u00fctzen magst, dann gerne an den Verein <i>Solicaf\u00e9 Einbeck e.V. <\/i>spenden:<br><br><\/strong><em>IBAN:<\/em>&nbsp; &nbsp; &nbsp;DE89 2789 3760 1037 6798 00<br><em>BIC:&nbsp; &nbsp;<\/em> &nbsp; &nbsp; GENODEF1SES<br><em>Betreff:&nbsp;<\/em>&nbsp;Spende<\/p> <p style=\"text-align: left;\">Wir freuen uns sowohl \u00fcber einmalige als auch regelm\u00e4\u00dfige Spendenbeitr\u00e4ge.<\/p>","_links":{"self":[{"href":"https:\/\/zur-molli.de\/en\/wp-json\/wp\/v2\/pages\/2279"}],"collection":[{"href":"https:\/\/zur-molli.de\/en\/wp-json\/wp\/v2\/pages"}],"about":[{"href":"https:\/\/zur-molli.de\/en\/wp-json\/wp\/v2\/types\/page"}],"author":[{"embeddable":true,"href":"https:\/\/zur-molli.de\/en\/wp-json\/wp\/v2\/users\/1"}],"replies":[{"embeddable":true,"href":"https:\/\/zur-molli.de\/en\/wp-json\/wp\/v2\/comments?post=2279"}],"version-history":[{"count":44,"href":"https:\/\/zur-molli.de\/en\/wp-json\/wp\/v2\/pages\/2279\/revisions"}],"predecessor-version":[{"id":3219,"href":"https:\/\/zur-molli.de\/en\/wp-json\/wp\/v2\/pages\/2279\/revisions\/3219"}],"wp:attachment":[{"href":"https:\/\/zur-molli.de\/en\/wp-json\/wp\/v2\/media?parent=2279"}],"curies":[{"name":"wp","href":"https:\/\/api.w.org\/{rel}","templated":true}]}}