{"id":13,"date":"2021-05-08T14:42:37","date_gmt":"2021-05-08T14:42:37","guid":{"rendered":"https:\/\/zur-molli.de\/?page_id=13"},"modified":"2026-02-10T12:33:19","modified_gmt":"2026-02-10T12:33:19","slug":"speisen-und-getraenke","status":"publish","type":"page","link":"https:\/\/zur-molli.de\/en\/speisen-und-getraenke\/","title":{"rendered":"Food &amp; Drinks"},"content":{"rendered":"<!--themify_builder_content-->\n<div id=\"themify_builder_content-13\" data-postid=\"13\" class=\"themify_builder_content themify_builder_content-13 themify_builder tf_clear\">\n    \t\t\t<!-- module_row -->\n\t<div  data-css_id=\"3kgu772\" data-sticky-active=\"{&quot;d&quot;:[]}\" data-lazy=\"1\" class=\"module_row themify_builder_row fullwidth tb_3kgu772 tb_first tf_w tf_clearfix hide-mobile\">\n\t    \t\t\t<div class=\"row_inner col_align_top gutter-none tb_col_count_3 tf_box tf_rel\">\n\t\t            <div  data-lazy=\"1\" class=\"module_column tb-column col4-1 tb_dio3772 first\">\n                                                        <div class=\"tb-column-inner tf_box tf_w\">\n                        <!-- module image -->\n<div  class=\"module module-image tb_dwe3772   image-top tf_mw\" data-lazy=\"1\">\n        <div class=\"image-wrap tf_rel tf_mw\">\n\t\t    <a href=\"https:\/\/zur-molli.de\/en\/\"\n\t       \t       >\n\t\t   \t\t<img decoding=\"async\" src=\"https:\/\/zur-molli.de\/wp-content\/uploads\/2021\/05\/Logo-oben-links-2.svg\" width=\"200\" title=\"Speisen &#038; Getr\u00e4nke\" alt=\"Speisen &#038; Getr\u00e4nke\">\t    <\/a>\n\t\n\t\t<\/div>\n\t<!-- \/image-wrap -->\n    \n    \t<\/div>\n<!-- \/module image -->                    <\/div>\n                            <\/div>\n                        <div  data-lazy=\"1\" class=\"module_column tb-column col4-2 tb_geeh772\">\n                                                        <div class=\"tb-column-inner tf_box tf_w\">\n                        <!-- module menu -->\n<div  class=\"module module-menu tb_9qp9773  hide-mobile mobile-menu-dropdown\" data-menu-style=\"mobile-menu-dropdown\" data-menu-breakpoint=\"0\" data-element-id=\"tb_9qp9773\" data-lazy=\"1\">\n    \t\n\t<div class=\"module-menu-container\"><ul id=\"menu-molli-menue\" class=\"ui tf_clearfix nav tf_rel menu-bar transparent\"><li id=\"menu-item-3192\" class=\"menu-item-page-2280 menu-item menu-item-type-post_type menu-item-object-page menu-item-3192\"><a href=\"https:\/\/zur-molli.de\/en\/mitmachen\/\">Participate<\/a><\/li>\n<li id=\"menu-item-3190\" class=\"menu-item-page-920 menu-item menu-item-type-post_type menu-item-object-page menu-item-3190\"><a href=\"https:\/\/zur-molli.de\/en\/events\/\">Events<\/a><\/li>\n<li id=\"menu-item-3193\" class=\"menu-item-page-13 menu-item menu-item-type-post_type menu-item-object-page menu-item-3193\"><a href=\"https:\/\/zur-molli.de\/en\/speisen-und-getraenke\/\">Food &amp; Drinks<\/a><\/li>\n<li id=\"menu-item-3188\" class=\"menu-item-page-2952 menu-item menu-item-type-post_type menu-item-object-page menu-item-3188\"><a href=\"https:\/\/zur-molli.de\/en\/presseberichte\/\">Press<\/a><\/li>\n<li id=\"menu-item-3191\" class=\"menu-item-page-2279 menu-item menu-item-type-post_type menu-item-object-page menu-item-3191\"><a href=\"https:\/\/zur-molli.de\/en\/kontakt\/\">Contact<\/a><\/li>\n<\/ul><\/div><\/div>\n<!-- \/module menu -->\n                    <\/div>\n                            <\/div>\n                        <div  data-lazy=\"1\" class=\"module_column tb-column col4-1 tb_3bej773 last\">\n                                                        <div class=\"tb-column-inner tf_box tf_w\">\n                        <!-- module icon -->\n<div  class=\"module module-icon tb_vk43773  normal circle icon_horizontal tf_textl\" data-lazy=\"1\">\n        <div class=\"module-icon-item\">\n\t    \t\t<a href=\"https:\/\/www.instagram.com\/zur_molli\/\" rel=\"noopener\" target=\"_blank\">\n\t    \t\t\t\t\t\t    <em class=\"tf_box\"><svg  class=\"tf_fa tf-fab-instagram\" aria-hidden=\"true\"><use href=\"#tf-fab-instagram\"><\/use><\/svg><\/em>\n\t\t\t\t\t\t\t\t<\/a>\n\t\t        <\/div>\n\t        <div class=\"module-icon-item\">\n\t    \t\t<a href=\"https:\/\/t.me\/+DbjsdUd7Nu9kNjhi\" rel=\"noopener\" target=\"_blank\">\n\t    \t\t\t\t\t\t    <em class=\"tf_box\"><svg  class=\"tf_fa tf-fab-telegram-plane\" aria-hidden=\"true\"><use href=\"#tf-fab-telegram-plane\"><\/use><\/svg><\/em>\n\t\t\t\t\t\t\t\t<\/a>\n\t\t        <\/div>\n\t<\/div>\n<!-- \/module icon -->\n                    <\/div>\n                            <\/div>\n            \t    <\/div>\n\t    <!-- \/row_inner -->\n\t<\/div>\n\t<!-- \/module_row -->\n\t\t\t\t<!-- module_row -->\n\t<div  data-css_id=\"51y1409\" data-lazy=\"1\" class=\"module_row themify_builder_row fullwidth tb_51y1409 tf_w tf_clearfix hide-desktop hide-tablet hide-tablet_landscape\">\n\t    \t\t\t<div class=\"row_inner col_align_top gutter-none tb_col_count_3 tf_box tf_rel\">\n\t\t            <div  data-lazy=\"1\" class=\"module_column tb-column col4-1 tb_gb2b409 first\">\n                                                        <div class=\"tb-column-inner tf_box tf_w\">\n                        <!-- module image -->\n<div  class=\"module module-image tb_h4w0409   image-top auto_fullwidth tf_mw hide-desktop hide-tablet hide-tablet_landscape\" data-lazy=\"1\">\n        <div class=\"image-wrap tf_rel tf_mw\">\n\t\t    <a href=\"https:\/\/zur-molli.de\/en\/\"\n\t       \t       >\n\t\t   \t\t<img decoding=\"async\" src=\"https:\/\/zur-molli.de\/wp-content\/uploads\/2021\/05\/Logo-oben-links-2.svg\" width=\"200\" title=\"Speisen &#038; Getr\u00e4nke\" alt=\"Speisen &#038; Getr\u00e4nke\">\t    <\/a>\n\t\n\t\t<\/div>\n\t<!-- \/image-wrap -->\n    \n    \t<\/div>\n<!-- \/module image -->                    <\/div>\n                            <\/div>\n                        <div  data-lazy=\"1\" class=\"module_column tb-column col4-2 tb_a7cg409\">\n                                                        <div class=\"tb-column-inner tf_box tf_w\">\n                        <!-- module menu -->\n<div  class=\"module module-menu tb_ao41409  hide-desktop hide-tablet hide-tablet_landscape mobile-menu-dropdown\" data-menu-style=\"mobile-menu-dropdown\" data-menu-breakpoint=\"0\" data-element-id=\"tb_ao41409\" data-lazy=\"1\">\n    \t\n\t<div class=\"module-menu-container\"><ul id=\"menu-molli-menue\" class=\"ui tf_clearfix nav tf_rel vertical transparent\"><li id=\"menu-item-3192\" class=\"menu-item-page-2280 menu-item menu-item-type-post_type menu-item-object-page menu-item-3192\"><a href=\"https:\/\/zur-molli.de\/en\/mitmachen\/\">Participate<\/a><\/li>\n<li id=\"menu-item-3190\" class=\"menu-item-page-920 menu-item menu-item-type-post_type menu-item-object-page current-menu-item page_item page-item-920 current_page_item menu-item-3190\"><a href=\"https:\/\/zur-molli.de\/en\/events\/\" aria-current=\"page\">Events<\/a><\/li>\n<li id=\"menu-item-3193\" class=\"menu-item-page-13 menu-item menu-item-type-post_type menu-item-object-page menu-item-3193\"><a href=\"https:\/\/zur-molli.de\/en\/speisen-und-getraenke\/\">Food &amp; Drinks<\/a><\/li>\n<li id=\"menu-item-3188\" class=\"menu-item-page-2952 menu-item menu-item-type-post_type menu-item-object-page menu-item-3188\"><a href=\"https:\/\/zur-molli.de\/en\/presseberichte\/\">Press<\/a><\/li>\n<li id=\"menu-item-3191\" class=\"menu-item-page-2279 menu-item menu-item-type-post_type menu-item-object-page menu-item-3191\"><a href=\"https:\/\/zur-molli.de\/en\/kontakt\/\">Contact<\/a><\/li>\n<\/ul><\/div><\/div>\n<!-- \/module menu -->\n                    <\/div>\n                            <\/div>\n                        <div  data-lazy=\"1\" class=\"module_column tb-column col4-1 tb_ote2409 last\">\n                                                        <div class=\"tb-column-inner tf_box tf_w\">\n                        <!-- module icon -->\n<div  class=\"module module-icon tb_dcma409  normal circle icon_horizontal tf_textl\" data-lazy=\"1\">\n        <div class=\"module-icon-item\">\n\t    \t\t<a href=\"https:\/\/www.instagram.com\/zur_molli\/\" rel=\"noopener\" target=\"_blank\">\n\t    \t\t\t\t\t\t    <em class=\"tf_box\"><svg  class=\"tf_fa tf-fab-instagram\" aria-hidden=\"true\"><use href=\"#tf-fab-instagram\"><\/use><\/svg><\/em>\n\t\t\t\t\t\t\t\t<\/a>\n\t\t        <\/div>\n\t        <div class=\"module-icon-item\">\n\t    \t\t<a href=\"https:\/\/t.me\/+DbjsdUd7Nu9kNjhi\" rel=\"noopener\" target=\"_blank\">\n\t    \t\t\t\t\t\t    <em class=\"tf_box\"><svg  class=\"tf_fa tf-fab-telegram-plane\" aria-hidden=\"true\"><use href=\"#tf-fab-telegram-plane\"><\/use><\/svg><\/em>\n\t\t\t\t\t\t\t\t<\/a>\n\t\t        <\/div>\n\t<\/div>\n<!-- \/module icon -->\n                    <\/div>\n                            <\/div>\n            \t    <\/div>\n\t    <!-- \/row_inner -->\n\t<\/div>\n\t<!-- \/module_row -->\n\t\t\t\t<!-- module_row -->\n\t<div  data-css_id=\"f72a122\" data-lazy=\"1\" class=\"module_row themify_builder_row fullwidth tb_f72a122 tf_w tf_clearfix\">\n\t    \t\t\t<div class=\"row_inner col_align_top gutter-none tb_col_count_3 tf_box tf_rel\">\n\t\t            <div  data-lazy=\"1\" class=\"module_column tb-column col4-1 tb_z6gj122 first\">\n                                                        <div class=\"tb-column-inner tf_box tf_w\">\n                        <!-- module image -->\n<div  class=\"module module-image tb_ko5z533   image-top tf_mw hide-mobile\" data-lazy=\"1\" data-lax-opacity=\"(vh*1) 0,(vh*0.5) 1\" data-lax=\"true\">\n        <div class=\"image-wrap tf_rel tf_mw\">\n\t\t    <img decoding=\"async\" src=\"https:\/\/zur-molli.de\/wp-content\/uploads\/2021\/05\/Teller-.svg\" title=\"Speisen &#038; Getr\u00e4nke\" alt=\"Speisen &#038; Getr\u00e4nke\">\t\n\t\t<\/div>\n\t<!-- \/image-wrap -->\n    \n    \t<\/div>\n<!-- \/module image -->                    <\/div>\n                            <\/div>\n                        <div  data-lazy=\"1\" class=\"module_column tb-column col4-2 tb_9ai8122\">\n                                                        <div class=\"tb-column-inner tf_box tf_w\">\n                        <!-- module image -->\n<div  class=\"module module-image tb_elos730   image-top tf_mw\" data-lazy=\"1\">\n        <div class=\"image-wrap tf_rel tf_mw\">\n\t\t    <img decoding=\"async\" src=\"https:\/\/zur-molli.de\/wp-content\/uploads\/2021\/05\/Logo-mit-Schrift.svg\" title=\"Speisen &#038; Getr\u00e4nke\" alt=\"Speisen &#038; Getr\u00e4nke\">\t\n\t\t<\/div>\n\t<!-- \/image-wrap -->\n    \n    \t<\/div>\n<!-- \/module image --><!-- module text -->\n<div  class=\"module module-text tb_0ggn683\" data-lazy=\"1\">\n        <div  class=\"tb_text_wrap\">\n    <p style=\"text-align: center;\">All vegan, free of exchange logic <br> and without the pressure to consume anything!<\/p>    <\/div>\n<\/div>\n<!-- \/module text -->\t<div  data-lazy=\"1\" class=\"module_subrow themify_builder_sub_row tb_btt8441 tf_w tf_clearfix\">\n\t    \t\t\t<div class=\"subrow_inner col_align_top gutter-none tb_col_count_2 tf_box tf_w\">\n\t\t            <div  data-lazy=\"1\" class=\"module_column sub_column col4-2 tb_umz3441 first\">\n                                                        <div class=\"tb-column-inner tf_box tf_w\">\n                        <!-- module text -->\n<div  class=\"module module-text tb_0ljx190\" data-lazy=\"1\">\n        <div  class=\"tb_text_wrap\">\n    <h2>Cold drinks<\/h2>\n<p>Tap water<\/p><p>Srudelwasser<\/p><p>Apfel Saft<\/p><p>Lemonades<\/p><p>Softgetr\u00e4nke<\/p>\n    <\/div>\n<\/div>\n<!-- \/module text -->                    <\/div>\n                            <\/div>\n                        <div  data-lazy=\"1\" class=\"module_column sub_column col4-2 tb_kczb442 last\">\n                                                        <div class=\"tb-column-inner tf_box tf_w\">\n                        <!-- module text -->\n<div  class=\"module module-text tb_jr7j237\" data-lazy=\"1\">\n        <div  class=\"tb_text_wrap\">\n    <h2>Hot drinks<\/h2>\n<p>Tee<\/p>\n<p>Coffee<\/p>\n<p>Milchkaffee<\/p>\n<p>Cacao<\/p>\n<p>Curcuma latte<\/p>\n<p>Chai Latte<\/p>    <\/div>\n<\/div>\n<!-- \/module text --><!-- module text -->\n<div  class=\"module module-text tb_apqe499\" data-lazy=\"1\">\n        <div  class=\"tb_text_wrap\">\n    <p><span style=\"background-color: initial;\">All drinks with oat milk<\/span><\/p>    <\/div>\n<\/div>\n<!-- \/module text -->                    <\/div>\n                            <\/div>\n            \t    <\/div>\n\t<\/div><!-- \/themify_builder_sub_row -->\n\t<!-- module image -->\n<div  class=\"module module-image tb_xzgi305   image-top tf_mw hide-desktop hide-tablet hide-tablet_landscape\" data-lazy=\"1\">\n        <div class=\"image-wrap tf_rel tf_mw\">\n\t\t    <img decoding=\"async\" src=\"https:\/\/zur-molli.de\/wp-content\/uploads\/2021\/05\/Teller-.svg\" title=\"Speisen &#038; Getr\u00e4nke\" alt=\"Speisen &#038; Getr\u00e4nke\">\t\n\t\t<\/div>\n\t<!-- \/image-wrap -->\n    \n    \t<\/div>\n<!-- \/module image -->\t<div  data-lazy=\"1\" class=\"module_subrow themify_builder_sub_row tb_etoq598 tf_w tf_clearfix\">\n\t    \t\t\t<div class=\"subrow_inner col_align_top gutter-none tb_col_count_2 tf_box tf_w\">\n\t\t            <div  data-lazy=\"1\" class=\"module_column sub_column col3-1 tb_9ypp598 first\">\n                                                        <div class=\"tb-column-inner tf_box tf_w\">\n                        <!-- module text -->\n<div  class=\"module module-text tb_83tr598\" data-lazy=\"1\">\n        <div  class=\"tb_text_wrap\">\n    <h2>Dishes<\/h2>\n    <\/div>\n<\/div>\n<!-- \/module text -->                    <\/div>\n                            <\/div>\n                        <div  data-lazy=\"1\" class=\"module_column sub_column col3-2 tb_ritm598 last\">\n                                                        <div class=\"tb-column-inner tf_box tf_w\">\n                        <!-- module text -->\n<div  class=\"module module-text tb_uvcp598\" data-lazy=\"1\">\n        <div  class=\"tb_text_wrap\">\n        <\/div>\n<\/div>\n<!-- \/module text -->                    <\/div>\n                            <\/div>\n            \t    <\/div>\n\t<\/div><!-- \/themify_builder_sub_row -->\n\t\t<div  data-lazy=\"1\" class=\"module_subrow themify_builder_sub_row tb_t1f1628 tf_w tf_clearfix\">\n\t    \t\t\t<div class=\"subrow_inner col_align_top tb_col_count_2 tf_box tf_w\">\n\t\t            <div  data-lazy=\"1\" class=\"module_column sub_column col3-1 tb_35rf629 first\">\n                                                        <div class=\"tb-column-inner tf_box tf_w\">\n                        <!-- module text -->\n<div  class=\"module module-text tb_kivp908\" data-lazy=\"1\">\n        <div  class=\"tb_text_wrap\">\n    <p><strong>regularly<\/strong><\/p>    <\/div>\n<\/div>\n<!-- \/module text --><!-- module text -->\n<div  class=\"module module-text tb_rflu84\" data-lazy=\"1\">\n        <div  class=\"tb_text_wrap\">\n    <p><br><\/p>    <\/div>\n<\/div>\n<!-- \/module text -->                    <\/div>\n                            <\/div>\n                        <div  data-lazy=\"1\" class=\"module_column sub_column col3-2 tb_lrm5629 last\">\n                                                        <div class=\"tb-column-inner tf_box tf_w\">\n                        <!-- module text -->\n<div  class=\"module module-text tb_d58h629\" data-lazy=\"1\">\n        <div  class=\"tb_text_wrap\">\n    <p>frische Waffeln<\/p>    <\/div>\n<\/div>\n<!-- \/module text -->                    <\/div>\n                            <\/div>\n            \t    <\/div>\n\t<\/div><!-- \/themify_builder_sub_row -->\n\t\t<div  data-lazy=\"1\" class=\"module_subrow themify_builder_sub_row tb_snzq43 tf_w tf_clearfix\">\n\t    \t\t\t<div class=\"subrow_inner col_align_top tb_col_count_2 tf_box tf_w\">\n\t\t            <div  data-lazy=\"1\" class=\"module_column sub_column col3-1 tb_62rt44 first\">\n                                                        <div class=\"tb-column-inner tf_box tf_w\">\n                        <!-- module text -->\n<div  class=\"module module-text tb_ltel44\" data-lazy=\"1\">\n        <div  class=\"tb_text_wrap\">\n    <p><strong>at events<\/strong><\/p>    <\/div>\n<\/div>\n<!-- \/module text -->                    <\/div>\n                            <\/div>\n                        <div  data-lazy=\"1\" class=\"module_column sub_column col3-2 tb_vpt344 last\">\n                                                        <div class=\"tb-column-inner tf_box tf_w\">\n                        <!-- module text -->\n<div  class=\"module module-text tb_gbbp44\" data-lazy=\"1\">\n        <div  class=\"tb_text_wrap\">\n    <p>s\u00fc\u00dfe und\/oder herzhafte Speisen<\/p>    <\/div>\n<\/div>\n<!-- \/module text --><!-- module text -->\n<div  class=\"module module-text tb_omay44\" data-lazy=\"1\">\n        <div  class=\"tb_text_wrap\">\n    <br>    <\/div>\n<\/div>\n<!-- \/module text -->                    <\/div>\n                            <\/div>\n            \t    <\/div>\n\t<\/div><!-- \/themify_builder_sub_row -->\n\t                    <\/div>\n                            <\/div>\n                        <div  data-lazy=\"1\" class=\"module_column tb-column col4-1 tb_8ihf123 last\">\n                                                        <div class=\"tb-column-inner tf_box tf_w\">\n                        <!-- module image -->\n<div  class=\"module module-image tb_mphi175   image-top tf_mw hide-mobile\" data-lazy=\"1\" data-lax-translate-y=\"(vh*0.8) 0,(vh*0.2) 320\" data-lax=\"true\">\n        <div class=\"image-wrap tf_rel tf_mw\">\n\t\t    <img decoding=\"async\" src=\"https:\/\/zur-molli.de\/wp-content\/uploads\/2021\/05\/Tasse.svg\" title=\"Speisen &#038; Getr\u00e4nke\" alt=\"Speisen &#038; Getr\u00e4nke\">\t\n\t\t<\/div>\n\t<!-- \/image-wrap -->\n    \n    \t<\/div>\n<!-- \/module image -->                    <\/div>\n                            <\/div>\n            \t    <\/div>\n\t    <!-- \/row_inner -->\n\t<\/div>\n\t<!-- \/module_row -->\n\t\t\t\t<!-- module_row -->\n\t<div  data-css_id=\"sei7999\" data-lazy=\"1\" class=\"module_row themify_builder_row fullwidth tb_sei7999 tf_w tf_clearfix\">\n\t    \t\t\t<div class=\"row_inner col_align_middle gutter-none tb_col_count_3 tf_box tf_rel\">\n\t\t            <div  data-lazy=\"1\" class=\"module_column tb-column col4-1 tb_kvv5999 first\">\n                                                        <div class=\"tb-column-inner tf_box tf_w\">\n                        <!-- module image -->\n<div  class=\"module module-image tb_ewju999   image-top tf_mw\" data-lazy=\"1\">\n        <div class=\"image-wrap tf_rel tf_mw\">\n\t\t    <img decoding=\"async\" src=\"https:\/\/zur-molli.de\/wp-content\/uploads\/2021\/05\/Logo-mit-Schrift.svg\" width=\"200\" title=\"Speisen &#038; Getr\u00e4nke\" alt=\"Speisen &#038; Getr\u00e4nke\">\t\n\t\t<\/div>\n\t<!-- \/image-wrap -->\n    \n    \t<\/div>\n<!-- \/module image -->                    <\/div>\n                            <\/div>\n                        <div  data-lazy=\"1\" class=\"module_column tb-column col4-2 tb_eg38999\">\n                                                        <div class=\"tb-column-inner tf_box tf_w\">\n                        <!-- module icon -->\n<div  class=\"module module-icon tb_my6a999  normal none icon_vertical tf_textl\" data-lazy=\"1\">\n        <div class=\"module-icon-item\">\n\t    \t\t\t\t\t\t    <em class=\"tf_box\"><svg  class=\"tf_fa tf-ti-location-pin\" aria-hidden=\"true\"><use href=\"#tf-ti-location-pin\"><\/use><\/svg><\/em>\n\t\t\t\t\t\t    \t    \t    <span>zur molli<\/span>\n\t\t    \t\t\t\t        <\/div>\n\t<\/div>\n<!-- \/module icon -->\n<!-- module text -->\n<div  class=\"module module-text tb_fkk7999  repeat\" data-lazy=\"1\">\n        <div  class=\"tb_text_wrap\">\n    <p style=\"text-align: left;\">\u00a0 at the train station | Alte Bahnhofstra\u00dfe 8 | <br> 37574 Einbeck<\/p>    <\/div>\n<\/div>\n<!-- \/module text --><!-- module icon -->\n<div  class=\"module module-icon tb_dc80999  normal none icon_vertical tf_textl\" data-lazy=\"1\">\n        <div class=\"module-icon-item\">\n\t    \t\t<a href=\"mailto:post@zur-molli.de\">\n\t    \t\t\t\t\t\t    <em class=\"tf_box\"><svg  class=\"tf_fa tf-ti-email\" aria-hidden=\"true\"><use href=\"#tf-ti-email\"><\/use><\/svg><\/em>\n\t\t\t\t\t\t    \t    \t    <span>post@zur-molli.de<\/span>\n\t\t    \t\t\t\t\t\t<\/a>\n\t\t        <\/div>\n\t<\/div>\n<!-- \/module icon -->\n                    <\/div>\n                            <\/div>\n                        <div  data-lazy=\"1\" class=\"module_column tb-column col4-1 tb_o8bm999 last\">\n                                                        <div class=\"tb-column-inner tf_box tf_w\">\n                        <!-- module text -->\n<div  class=\"module module-text tb_fehr999\" data-lazy=\"1\">\n        <div  class=\"tb_text_wrap\">\n    <p><strong>If you would like to support the molli financially, feel free to forward it to <i>Solicaf\u00e9 Einbeck e.V. <\/i>:<br><br><\/strong><em>IBAN:<\/em>&nbsp; &nbsp; &nbsp;DE89 2789 3760 1037 6798 00<br><em>BIC:&nbsp; &nbsp;<\/em> &nbsp; &nbsp; GENODEF1SES<br><em>Subject:&nbsp;<\/em>&nbsp;Donation<\/p>\n<p style=\"text-align: left;\">We welcome both one-time and regular contributions.<\/p>    <\/div>\n<\/div>\n<!-- \/module text -->                    <\/div>\n                            <\/div>\n            \t    <\/div>\n\t    <!-- \/row_inner -->\n\t<\/div>\n\t<!-- \/module_row -->\n\t<\/div>\n<!--\/themify_builder_content-->","protected":false},"excerpt":{"rendered":"<p>Mitmachen Events Speisen &#038; Getr\u00e4nke Presseberichte Kontakt Mitmachen Events Speisen &#038; Getr\u00e4nke Presseberichte Kontakt Alles vegan, tauschlogikfrei und ohne Konsumzwang! Kaltgetr\u00e4nke Leitungswasser Srudelwasser Apfel Saft Limonaden Softgetr\u00e4nke Hei\u00dfgetr\u00e4nke Tee Kaffee Milchkaffee Kakao Kurkuma-Latte Chai Latte Alle Getr\u00e4nke mit Hafermilch Speisen regelm\u00e4\u00dfig frische Waffeln bei Events s\u00fc\u00dfe und\/oder herzhafte Speisen zur molli \u00a0 im Bahnhof | [&hellip;]<\/p>","protected":false},"author":1,"featured_media":0,"parent":0,"menu_order":0,"comment_status":"closed","ping_status":"closed","template":"","meta":{"footnotes":""},"builder_content":"<a href=\"https:\/\/zur-molli.de\" > <img src=\"https:\/\/zur-molli.de\/wp-content\/uploads\/2021\/05\/Logo-oben-links-2.svg\" width=\"200\" title=\"Speisen &#038; Getr\u00e4nke\" alt=\"Speisen &#038; Getr\u00e4nke\"> <\/a>\n<ul id=\"menu-molli-menue\"><li id=\"menu-item-3192\"><a href=\"https:\/\/zur-molli.de\/mitmachen\/\">Mitmachen<\/a><\/li> <li id=\"menu-item-3190\"><a href=\"https:\/\/zur-molli.de\/events\/\">Events<\/a><\/li> <li id=\"menu-item-3193\"><a href=\"https:\/\/zur-molli.de\/speisen-und-getraenke\/\">Speisen &#038; Getr\u00e4nke<\/a><\/li> <li id=\"menu-item-3188\"><a href=\"https:\/\/zur-molli.de\/presseberichte\/\">Presseberichte<\/a><\/li> <li id=\"menu-item-3191\"><a href=\"https:\/\/zur-molli.de\/kontakt\/\">Kontakt<\/a><\/li> <\/ul>\n<a href=\"https:\/\/www.instagram.com\/zur_molli\/\" rel=\"noopener\" target=\"_blank\"> <em><svg aria-hidden=\"true\"><use href=\"#tf-fab-instagram\"><\/use><\/svg><\/em> <\/a> <a href=\"https:\/\/t.me\/+DbjsdUd7Nu9kNjhi\" rel=\"noopener\" target=\"_blank\"> <em><svg aria-hidden=\"true\"><use href=\"#tf-fab-telegram-plane\"><\/use><\/svg><\/em> <\/a>\n<a href=\"https:\/\/zur-molli.de\" > <img src=\"https:\/\/zur-molli.de\/wp-content\/uploads\/2021\/05\/Logo-oben-links-2.svg\" width=\"200\" title=\"Speisen &#038; Getr\u00e4nke\" alt=\"Speisen &#038; Getr\u00e4nke\"> <\/a>\n<ul id=\"menu-molli-menue\"><li id=\"menu-item-3192\"><a href=\"https:\/\/zur-molli.de\/mitmachen\/\">Mitmachen<\/a><\/li> <li id=\"menu-item-3190\"><a href=\"https:\/\/zur-molli.de\/events\/\" aria-current=\"page\">Events<\/a><\/li> <li id=\"menu-item-3193\"><a href=\"https:\/\/zur-molli.de\/speisen-und-getraenke\/\">Speisen &#038; Getr\u00e4nke<\/a><\/li> <li id=\"menu-item-3188\"><a href=\"https:\/\/zur-molli.de\/presseberichte\/\">Presseberichte<\/a><\/li> <li id=\"menu-item-3191\"><a href=\"https:\/\/zur-molli.de\/kontakt\/\">Kontakt<\/a><\/li> <\/ul>\n<a href=\"https:\/\/www.instagram.com\/zur_molli\/\" rel=\"noopener\" target=\"_blank\"> <em><svg aria-hidden=\"true\"><use href=\"#tf-fab-instagram\"><\/use><\/svg><\/em> <\/a> <a href=\"https:\/\/t.me\/+DbjsdUd7Nu9kNjhi\" rel=\"noopener\" target=\"_blank\"> <em><svg aria-hidden=\"true\"><use href=\"#tf-fab-telegram-plane\"><\/use><\/svg><\/em> <\/a>\n<img src=\"https:\/\/zur-molli.de\/wp-content\/uploads\/2021\/05\/Teller-.svg\" title=\"Speisen &#038; Getr\u00e4nke\" alt=\"Speisen &#038; Getr\u00e4nke\">\n<img src=\"https:\/\/zur-molli.de\/wp-content\/uploads\/2021\/05\/Logo-mit-Schrift.svg\" title=\"Speisen &#038; Getr\u00e4nke\" alt=\"Speisen &#038; Getr\u00e4nke\">\n<p style=\"text-align: center;\">Alles vegan, tauschlogikfrei und ohne Konsumzwang!<\/p>\n<h2>Kaltgetr\u00e4nke<\/h2> <p>Leitungswasser<\/p><p>Srudelwasser<\/p><p>Apfel Saft<\/p><p>Limonaden<\/p><p>Softgetr\u00e4nke<\/p>\n<h2>Hei\u00dfgetr\u00e4nke<\/h2> <p>Tee<\/p> <p>Kaffee<\/p> <p>Milchkaffee<\/p> <p>Kakao<\/p> <p>Kurkuma-Latte<\/p> <p>Chai Latte<\/p>\n<p>Alle Getr\u00e4nke mit Hafermilch<\/p>\n<img src=\"https:\/\/zur-molli.de\/wp-content\/uploads\/2021\/05\/Teller-.svg\" title=\"Speisen &#038; Getr\u00e4nke\" alt=\"Speisen &#038; Getr\u00e4nke\">\n<h2>Speisen<\/h2>\n\n<p><strong>regelm\u00e4\u00dfig<\/strong><\/p>\n<p><br><\/p>\n<p>frische Waffeln<\/p>\n<p><strong>bei Events<\/strong><\/p>\n<p>s\u00fc\u00dfe und\/oder herzhafte Speisen<\/p>\n<br>\n<img src=\"https:\/\/zur-molli.de\/wp-content\/uploads\/2021\/05\/Tasse.svg\" title=\"Speisen &#038; Getr\u00e4nke\" alt=\"Speisen &#038; Getr\u00e4nke\">\n<img src=\"https:\/\/zur-molli.de\/wp-content\/uploads\/2021\/05\/Logo-mit-Schrift.svg\" width=\"200\" title=\"Speisen &#038; Getr\u00e4nke\" alt=\"Speisen &#038; Getr\u00e4nke\">\n<em><svg aria-hidden=\"true\"><use href=\"#tf-ti-location-pin\"><\/use><\/svg><\/em> zur molli\n<p style=\"text-align: left;\">\u00a0 im Bahnhof | Alte Bahnhofstra\u00dfe 8 | 37574 Einbeck<\/p>\n<a href=\"mailto:post@zur-molli.de\"> <em><svg aria-hidden=\"true\"><use href=\"#tf-ti-email\"><\/use><\/svg><\/em> post@zur-molli.de <\/a>\n<p><strong>Wenn du die molli finanziell unterst\u00fctzen magst, dann gerne an den Verein <i>Solicaf\u00e9 Einbeck e.V. <\/i>spenden:<br><br><\/strong><em>IBAN:<\/em>&nbsp; &nbsp; &nbsp;DE89 2789 3760 1037 6798 00<br><em>BIC:&nbsp; &nbsp;<\/em> &nbsp; &nbsp; GENODEF1SES<br><em>Betreff:&nbsp;<\/em>&nbsp;Spende<\/p> <p style=\"text-align: left;\">Wir freuen uns sowohl \u00fcber einmalige als auch regelm\u00e4\u00dfige Spendenbeitr\u00e4ge.<\/p>","_links":{"self":[{"href":"https:\/\/zur-molli.de\/en\/wp-json\/wp\/v2\/pages\/13"}],"collection":[{"href":"https:\/\/zur-molli.de\/en\/wp-json\/wp\/v2\/pages"}],"about":[{"href":"https:\/\/zur-molli.de\/en\/wp-json\/wp\/v2\/types\/page"}],"author":[{"embeddable":true,"href":"https:\/\/zur-molli.de\/en\/wp-json\/wp\/v2\/users\/1"}],"replies":[{"embeddable":true,"href":"https:\/\/zur-molli.de\/en\/wp-json\/wp\/v2\/comments?post=13"}],"version-history":[{"count":203,"href":"https:\/\/zur-molli.de\/en\/wp-json\/wp\/v2\/pages\/13\/revisions"}],"predecessor-version":[{"id":3396,"href":"https:\/\/zur-molli.de\/en\/wp-json\/wp\/v2\/pages\/13\/revisions\/3396"}],"wp:attachment":[{"href":"https:\/\/zur-molli.de\/en\/wp-json\/wp\/v2\/media?parent=13"}],"curies":[{"name":"wp","href":"https:\/\/api.w.org\/{rel}","templated":true}]}}